{"id":6866,"date":"2017-05-20T19:06:06","date_gmt":"2017-05-20T19:06:06","guid":{"rendered":"http:\/\/multisite.latahosting.com\/vgil\/sobre-nosotros\/"},"modified":"2017-08-14T20:31:25","modified_gmt":"2017-08-14T20:31:25","slug":"sobre-nosotros","status":"publish","type":"page","link":"https:\/\/vangoghphoto.com\/es\/sobre-nosotros\/","title":{"rendered":"Sobre Nosotros"},"content":{"rendered":"<section class=\"wpb-content-wrapper\"><p>[vc_row full_width=&#8221;stretch_row_content_no_spaces&#8221; neko_section_type=&#8221;parallax&#8221; neko_parallax_option=&#8221;0&#8243; neko_parallax_option_mobile=&#8221;on&#8221; neko_mask_activation=&#8221;on&#8221; css=&#8221;.vc_custom_1495871943152{padding-top: 10px !important;padding-bottom: 40px !important;background-image: url(https:\/\/multisite.latahosting.com\/vgil\/wp-content\/uploads\/sites\/21\/2017\/05\/classroom1.jpg?id=6834) !important;background-position: center !important;background-repeat: no-repeat !important;background-size: cover !important;}&#8221; neko_mask_color=&#8221;rgba(0,0,0,0.35)&#8221;][vc_column]<div  class=\"neko-vc_page-header neko-vc_page-header-align-center neko-vc_page-header-size-medium    neko-vc_page-header-title-large\"><div class=\"container\"><div class=\"row\"><div class=\"col-md-12\"><h1 style=\"color:#ffffff\" class=\" wpb_animate_when_almost_visible wpb_left-to-right \"> Nuestra Empresa - Nuestra Familia <\/h1><div class=\"neko-vc_page-header-content  wpb_animate_when_almost_visible wpb_bottom-to-top \"><p> <span style=\"color: #ffffff;\">Hemos sido un l\u00edder en la industria de la fotograf\u00eda escolar durante 70 a\u00f1os, y no es por accidente.<\/span> <\/p>\n<\/div> <\/div><\/div><\/div><\/div>[\/vc_column][\/vc_row][vc_row neko_section_type=&#8221;neko-table-container&#8221; css_animation=&#8221;fadeIn&#8221;][vc_column width=&#8221;1\/2&#8243; css=&#8221;.vc_custom_1492460553774{padding-top: 25px !important;padding-bottom: 25px !important;}&#8221;][vc_column_text]<\/p>\n<h3><strong>Nuestra Historia<\/strong><\/h3>\n<p>Color Portraits, Inc. es un negocio familiar y operado que ha estado captando y preservando las sonrisas desde 1947. Todo comenz\u00f3 cuando Joseph Zucco y su esposa, Juanita, construyeron Picture Master Color Lab. Su objetivo era producir im\u00e1genes de calidad de estudio en un entorno escolar, resultando en retratos profesionales a un precio asequible. Las horas extraordinarias, los hijos de Joseph y Juanita y, ahora, los nietos han tomado lo que empezaron y lo convirtieron en una compa\u00f1\u00eda de fotograf\u00eda de primera clase, laboratorio de acabado de fotograf\u00edas y firma de anuarios.<\/p>\n<p>[\/vc_column_text][vc_column_text]<\/p>\n<h3><strong>Nuestros Fot\u00f3grafos y Personal<\/strong><\/h3>\n<p>Somos \u00fanicos en que su vendedor es uno de sus fot\u00f3grafos. Estar\u00e1n all\u00ed para servir verdaderamente a tu escuela. Nuestros fot\u00f3grafos son fot\u00f3grafos profesionales, a tiempo completo, entrenados y con antecedentes profesionales que aman la fotograf\u00eda y los ni\u00f1os. Nuestro personal de oficina y producci\u00f3n son profesionales que est\u00e1n aqu\u00ed para servir a su escuela ya sus padres. Muchos de nuestros empleados han estado con nosotros por 10 o m\u00e1s a\u00f1os.<\/p>\n<p>[\/vc_column_text][\/vc_column][vc_column width=&#8221;1\/2&#8243;][vc_column_text]\r\n    <div>        \r\n    <video id=\"plyr69f17d86d7324\" controls>\r\n       <source src=\"https:\/\/vangoghphoto.com\/VGILC.mp4\" type=\"video\/mp4\" \/>\r\n    <\/video>\r\n    <\/div>    <script>\r\n        const evplayerplyr69f17d86d7324 = new Plyr(document.getElementById('plyr69f17d86d7324'));\r\n        evplayerplyr69f17d86d7324.ratio = '16:9';\r\n        evplayerplyr69f17d86d7324.iconUrl = 'https:\/\/vangoghphoto.com\/wp-content\/plugins\/easy-video-player\/lib\/plyr.svg';\r\n        evplayerplyr69f17d86d7324.blankVideo = 'https:\/\/vangoghphoto.com\/wp-content\/plugins\/easy-video-player\/lib\/blank.mp4';  \r\n    <\/script>[\/vc_column_text][\/vc_column][\/vc_row][vc_row neko_section_type=&#8221;neko-table-container&#8221;][vc_column width=&#8221;1\/2&#8243;][vc_single_image image=&#8221;6794&#8243; img_size=&#8221;large&#8221;][\/vc_column][vc_column width=&#8221;1\/2&#8243;][vc_column_text css=&#8221;.vc_custom_1492749170676{padding-top: 20px !important;padding-right: 10px !important;padding-bottom: 10px !important;padding-left: 10px !important;}&#8221;]<\/p>\n<h3><strong>Nuestra Tecnolog\u00eda<\/strong><\/h3>\n<p>Color Portraits ha invertido en el mejor y m\u00e1s robusto equipo, programas de software, papeles y capacitaci\u00f3n para asegurar que podemos darle a su escuela ya sus padres los productos de m\u00e1s alta calidad, m\u00e1s duraderos e innovadores. [\/vc_column_text][vc_column_text]<\/p>\n<h3><strong>Nuestra Ubicaci\u00f3n<\/strong><\/h3>\n<p>Toda la producci\u00f3n, capacitaci\u00f3n, trabajo de dise\u00f1o y servicio al cliente se realiza en nuestra planta de 40,000 pies cuadrados ubicada en Barrington, IL. Tener toda nuestra producci\u00f3n bajo un mismo techo asegura la salida de la m\u00e1s alta calidad y la entrega m\u00e1s r\u00e1pida. Estamos orgullosos de decir que nuestro negocio y nuestro equipo de m\u00e1s de 100 miembros del personal son parte de su comunidad. Vivimos y amamos las comunidades que servimos fielmente. [\/vc_column_text][\/vc_column][\/vc_row]<\/p>\n<\/section>","protected":false},"excerpt":{"rendered":"<p>[vc_row full_width=&#8221;stretch_row_content_no_spaces&#8221; neko_section_type=&#8221;parallax&#8221; neko_parallax_option=&#8221;0&#8243; neko_parallax_option_mobile=&#8221;on&#8221; neko_mask_activation=&#8221;on&#8221; css=&#8221;.vc_custom_1495871943152{padding-top: 10px !important;padding-bottom: 40px !important;background-image: url(https:\/\/multisite.latahosting.com\/vgil\/wp-content\/uploads\/sites\/21\/2017\/05\/classroom1.jpg?id=6834) !important;background-position: center !important;background-repeat: no-repeat !important;background-size: cover !important;}&#8221; neko_mask_color=&#8221;rgba(0,0,0,0.35)&#8221;][vc_column][\/vc_column][\/vc_row][vc_row neko_section_type=&#8221;neko-table-container&#8221; css_animation=&#8221;fadeIn&#8221;][vc_column width=&#8221;1\/2&#8243; css=&#8221;.vc_custom_1492460553774{padding-top: 25px !important;padding-bottom: 25px !important;}&#8221;][vc_column_text] Nuestra Historia Color Portraits, Inc. es un negocio familiar y operado que ha estado captando y preservando las sonrisas desde 1947. Todo comenz\u00f3 cuando Joseph Zucco y<\/p>\n","protected":false},"author":1,"featured_media":0,"parent":0,"menu_order":0,"comment_status":"closed","ping_status":"closed","template":"","meta":{"footnotes":""},"class_list":["post-6866","page","type-page","status-publish","hentry"],"_links":{"self":[{"href":"https:\/\/vangoghphoto.com\/es\/wp-json\/wp\/v2\/pages\/6866","targetHints":{"allow":["GET"]}}],"collection":[{"href":"https:\/\/vangoghphoto.com\/es\/wp-json\/wp\/v2\/pages"}],"about":[{"href":"https:\/\/vangoghphoto.com\/es\/wp-json\/wp\/v2\/types\/page"}],"author":[{"embeddable":true,"href":"https:\/\/vangoghphoto.com\/es\/wp-json\/wp\/v2\/users\/1"}],"replies":[{"embeddable":true,"href":"https:\/\/vangoghphoto.com\/es\/wp-json\/wp\/v2\/comments?post=6866"}],"version-history":[{"count":4,"href":"https:\/\/vangoghphoto.com\/es\/wp-json\/wp\/v2\/pages\/6866\/revisions"}],"predecessor-version":[{"id":6945,"href":"https:\/\/vangoghphoto.com\/es\/wp-json\/wp\/v2\/pages\/6866\/revisions\/6945"}],"wp:attachment":[{"href":"https:\/\/vangoghphoto.com\/es\/wp-json\/wp\/v2\/media?parent=6866"}],"curies":[{"name":"wp","href":"https:\/\/api.w.org\/{rel}","templated":true}]}}